{"id":2599,"date":"2022-08-18T12:42:15","date_gmt":"2022-08-18T11:42:15","guid":{"rendered":"http:\/\/www.systegra.cz\/?page_id=2599"},"modified":"2026-03-03T12:26:59","modified_gmt":"2026-03-03T11:26:59","slug":"home","status":"publish","type":"page","link":"https:\/\/www.systegra.cz\/home\/","title":{"rendered":"Home \u2014 \u00favodn\u00ed str\u00e1nka"},"content":{"rendered":"\r\n<p>&nbsp;<\/p>\r\n\r\n\r\n\r\n<div class=\"row \"> <div class=\"span5 \"><img decoding=\"async\" loading=\"lazy\" width=\"1135\" height=\"927\" class=\"wp-image-2601\" style=\"width: 400px;\" src=\"http:\/\/www.systegra.cz\/wp-content\/uploads\/2021\/10\/monitor-WEB.png\" alt=\"\" srcset=\"https:\/\/www.systegra.cz\/wp-content\/uploads\/2021\/10\/monitor-WEB.png 1135w, https:\/\/www.systegra.cz\/wp-content\/uploads\/2021\/10\/monitor-WEB-300x245.png 300w, https:\/\/www.systegra.cz\/wp-content\/uploads\/2021\/10\/monitor-WEB-1024x836.png 1024w, https:\/\/www.systegra.cz\/wp-content\/uploads\/2021\/10\/monitor-WEB-768x627.png 768w\" sizes=\"(max-width: 1135px) 100vw, 1135px\" \/><\/div> <div class=\"span7 \"><h2 class=\"wp-block-heading\">CONTACT Web - Online CRM syst\u00e9m<\/h2>\r\n\r\n\r\n\r\n<p>Contact WEB je datab\u00e1zov\u00fd n\u00e1stroj ur\u010den\u00fd pro \u0159\u00edzen\u00ed a spr\u00e1vu firemn\u00edch proces\u016f online. Program je postaven\u00fd tak, aby jak\u00e1koliv agenda, formul\u00e1\u0159 \u010di polo\u017eka byla jednodu\u0161e voliteln\u00e1. P\u0159i v\u00fdvoji klademe d\u016fraz na intuitivn\u00ed u\u017eivatelsk\u00e9 rozhran\u00ed a jednoduchost ovl\u00e1d\u00e1n\u00ed.<\/p>\r\n\r\n\r\n\r\n<a href=\"https:\/\/demo.contactweb.cz\" title=\"Vyzkou\u0161ejte DEMO\" class=\"btn btn-default btn-normal btn-inline \" target=\"_self\">Vyzkou\u0161ejte DEMO<\/a><!-- .btn --><\/div> <\/div><!-- .row (end) -->\r\n\r\n\r\n\r\n\r\n\r\n<div class=\"row \"> <div class=\"span4 \"><div class=\"service-box home-page\"><figure class=\"icon\"><img src=\"https:\/\/www.systegra.cz\/wp-content\/themes\/theme48831\/images\/icon1.png\" alt=\"\" \/><\/figure><div class=\"service-box_body\"><h2 class=\"title\">Sd\u00edlen\u00ed informac\u00ed v t\u00fdmu<\/h2><div class=\"service-box_txt\">M\u016f\u017eete si vybrat mezi instalac\u00ed na vlastn\u00ed server nebo cloudov\u00fdm \u0159e\u0161en\u00edm. To znamen\u00e1, zda-li chcete pracovat pod vlastn\u00ed dom\u00e9nou nebo na contactweb.cz. <\/div><\/div><\/div><!-- \/Service Box --><\/div> <div class=\"span4 \"><div class=\"service-box home-page\"><figure class=\"icon\"><img src=\"https:\/\/www.systegra.cz\/wp-content\/themes\/theme48831\/images\/icon2.png\" alt=\"\" \/><\/figure><div class=\"service-box_body\"><h2 class=\"title\">CRM \/ Obchod\/ Slu\u017eby<\/h2><div class=\"service-box_txt\">\u010casto podce\u0148ovan\u00e9 prov\u00e1z\u00e1n\u00ed obchodn\u00edk\u016f s podporou prodeje a slu\u017ebami pota\u017emo servisem. Tyto agendy se navz\u00e1jem dopl\u0148uj\u00ed a vytv\u00e1\u0159ej\u00ed tak firemn\u00ed informa\u010dn\u00ed syst\u00e9m.<\/div><\/div><\/div><!-- \/Service Box --><\/div> <div class=\"span4 \"><div class=\"service-box home-page\"><figure class=\"icon\"><img src=\"https:\/\/www.systegra.cz\/wp-content\/themes\/theme48831\/images\/icon3.png\" alt=\"\" \/><\/figure><div class=\"service-box_body\"><h2 class=\"title\">P\u0159izp\u016fsoben\u00ed syst\u00e9mu<\/h2><div class=\"service-box_txt\">Bez nutnosti program\u00e1torsk\u00e9ho z\u00e1sahu, je mo\u017en\u00e9 syst\u00e9m p\u0159izp\u016fsobit vlastn\u00edm po\u017eadavk\u016fm a n\u00e1zvoslov\u00ed. R\u00e1di v\u00e1m pom\u016f\u017eeme s anal\u00fdzou a nastaven\u00edm. <\/div><\/div><\/div><!-- \/Service Box --><\/div> <\/div><!-- .row (end) -->\r\n<p>&nbsp;<\/p>\r\n\r\n\r\n\r\n\r\n\r\n<div class=\"wp-block-group\">\r\n<div class=\"wp-block-group__inner-container is-layout-flow wp-block-group-is-layout-flow\"><div class=\"row \"> <div class=\"span12 \"><div class=\"title-box clearfix \"><h2 class=\"title-box_primary\">Jednoduch\u00e9. Chytr\u00e9. Funk\u010dn\u00ed.<\/h2><\/div><!-- \/\/.title-box --> Obchod - Marketing - Servisn\u00ed zak\u00e1zky - Datab\u00e1ze stroj\u016f a za\u0159\u00edzen\u00ed - Kampan\u011b - Spr\u00e1va dokument\u016f - E-maily - Projektov\u00e9 \u0159\u00edzen\u00ed - Time management - Pl\u00e1nov\u00e1n\u00ed - Evidence sch\u016fzek, telefon\u00e1t\u016f a \u00fakol\u016f - Mapy\u00a0- Tabulky - Notifikace - Telefonov\u00e1n\u00ed - Hromadn\u00fd e-mail \/ Newslettery - Nab\u00eddky - Synchronizace.<\/p>\n<p style=\"margin-bottom: 0; text-align: center;\"><a href=\"http:\/\/www.systegra.cz\/wp-content\/uploads\/2022\/08\/app_vyrez.png\"><img decoding=\"async\" loading=\"lazy\" class=\"wp-image-2646 size-full aligncenter\" style=\"margin-bottom: 0;\" src=\"http:\/\/www.systegra.cz\/wp-content\/uploads\/2022\/08\/app_vyrez.png\" alt=\"\" width=\"993\" height=\"224\" srcset=\"https:\/\/www.systegra.cz\/wp-content\/uploads\/2022\/08\/app_vyrez.png 993w, https:\/\/www.systegra.cz\/wp-content\/uploads\/2022\/08\/app_vyrez-300x68.png 300w, https:\/\/www.systegra.cz\/wp-content\/uploads\/2022\/08\/app_vyrez-768x173.png 768w\" sizes=\"(max-width: 993px) 100vw, 993px\" \/><\/a><\/p><\/div> <\/div><!-- .row (end) --><\/div>\n<div>\u00a0<\/div>\n<div>\u00a0<\/div>\n<div class=\"wp-block-group__inner-container\">\n<\/div>\r\n<\/div>\r\n\r\n\r\n<div class=\"row \"> <div class=\"span12 \"><div class=\"title-box clearfix \"><h2 class=\"title-box_primary\">Agendy programu<\/h2><\/div><!-- \/\/.title-box --> CRM - zahrnuje obchodn\u00ed p\u0159\u00edpady, OBCHOD - p\u0159edstavuje agendu zakoupen\u00fdch produkt\u016f a slu\u017eeb, MARKETING - nab\u00edz\u00ed funkci tvorby kampan\u00ed a r\u016fzn\u00fdch seznam\u016f, KATALOG - alias cen\u00edk, SERVIS - servisn\u00ed zak\u00e1zky, DI\u00c1\u0158 - kalend\u00e1\u0159e se synchronizac\u00ed s ostatn\u00edmi syst\u00e9my, P\u016eJ\u010cOVNA - evidence a generov\u00e1n\u00ed smluv. <a href=\"http:\/\/www.systegra.cz\/wp-content\/uploads\/2022\/08\/crm_printscreen.png\"><img decoding=\"async\" loading=\"lazy\" class=\"wp-image-2648 size-full aligncenter\" src=\"http:\/\/www.systegra.cz\/wp-content\/uploads\/2022\/08\/crm_printscreen.png\" alt=\"\" width=\"900\" height=\"300\" srcset=\"https:\/\/www.systegra.cz\/wp-content\/uploads\/2022\/08\/crm_printscreen.png 900w, https:\/\/www.systegra.cz\/wp-content\/uploads\/2022\/08\/crm_printscreen-300x100.png 300w, https:\/\/www.systegra.cz\/wp-content\/uploads\/2022\/08\/crm_printscreen-768x256.png 768w\" sizes=\"(max-width: 900px) 100vw, 900px\" \/><\/a><\/div> <\/div><!-- .row (end) -->\n<p>&nbsp;<\/p>\n\r\n\r\n<div class=\"row \"> <div class=\"span12 \"><div class=\"title-box clearfix \"><h2 class=\"title-box_primary\">Reference<\/h2><\/div><!-- \/\/.title-box -->\u00a0Nezam\u011b\u0159ujeme se na \u017e\u00e1dn\u00fd vyhrazen\u00fd obor \u010dinnosti a na\u0161e pole p\u016fsobnosti je nap\u0159\u00ed\u010d r\u016fzn\u00fdmi sektory.\u00a0N\u00e1\u0161 syst\u00e9m je natolik univers\u00e1ln\u00ed, \u017ee se dok\u00e1\u017eeme p\u0159izp\u016fsobit v\u011bt\u0161in\u011b po\u017eadavk\u016f bez pot\u0159eby program\u00e1torsk\u00e9ho z\u00e1sahu. Nav\u00edc je platforma syst\u00e9mu otev\u0159ena r\u016fzn\u00fdm \u00faprav\u00e1m a nadstavbov\u00fdm modul\u016fm.<\/p>\n<p style=\"text-align: center;\"><a href=\"http:\/\/www.systegra.cz\/wp-content\/uploads\/2011\/09\/Reference1.png\"><img decoding=\"async\" loading=\"lazy\" class=\"alignnone wp-image-2184 size-full\" style=\"margin-bottom: 0;\" src=\"http:\/\/www.systegra.cz\/wp-content\/uploads\/2011\/09\/Reference1.png\" alt=\"\" width=\"792\" height=\"73\" srcset=\"https:\/\/www.systegra.cz\/wp-content\/uploads\/2011\/09\/Reference1.png 792w, https:\/\/www.systegra.cz\/wp-content\/uploads\/2011\/09\/Reference1-300x27.png 300w\" sizes=\"(max-width: 792px) 100vw, 792px\" \/><\/a><\/div> <\/div><!-- .row (end) -->\n\r\n\r\n<div class=\"row \"> <div class=\"span12 \"><figure class=\"frame thumbnail alignleft clearfix\"> <img decoding=\"async\" loading=\"lazy\" class=\"alignnone size-full wp-image-1918\" src=\"http:\/\/www.systegra.cz\/wp-content\/uploads\/2014\/09\/air.png\" alt=\"air\" width=\"513\" height=\"282\" srcset=\"https:\/\/www.systegra.cz\/wp-content\/uploads\/2014\/09\/air.png 513w, https:\/\/www.systegra.cz\/wp-content\/uploads\/2014\/09\/air-300x164.png 300w\" sizes=\"(max-width: 513px) 100vw, 513px\" \/> <\/figure>\n<h1>Jsme hrd\u00ed na to, co d\u011bl\u00e1me!<\/h1>\n<p>Ka\u017ed\u00fd den si n\u00e1\u0161 program spust\u00ed stovky u\u017eivatel\u016f a stal se\u00a0tak\u00a0sou\u010d\u00e1st\u00ed jejich pracovn\u00edho\u00a0 \u017eivota.\u00a0Na\u0161\u00ed prac\u00ed je t\u011bmto u\u017eivatel\u016fm poskytnout inteligentn\u00ed n\u00e1stroj pro \u0159\u00edzen\u00ed jejich aktivit, pomoc\u00ed kter\u00e9ho budou\u00a0schopni vyu\u017e\u00edvat velk\u00fd objem ulo\u017een\u00fdch v\u011bdomost\u00ed ve sv\u016fj profesn\u00ed \u00fasp\u011bch. Na za\u010d\u00e1tku jsme si vytvo\u0159ili vlastn\u00ed softwarovou filozofii,\u00a0kter\u00e9 se st\u00e1le dr\u017e\u00edme a zdokonalujeme ji. S ka\u017ed\u00fdm nov\u00fdm z\u00e1kazn\u00edkem jsme p\u0159esv\u011bd\u010deni o tom, \u017ee to, co d\u011bl\u00e1me, m\u00e1 smysl a\u00a0u\u017eitek.\u00a0\u00a0<a href=\"http:\/\/www.systegra.cz\/contacts\/\" title=\"Kontaktujte n\u00e1s\" class=\"btn btn-default btn-normal btn-inline \" target=\"_self\">Kontaktujte n\u00e1s<\/a><!-- .btn --><\/div> <\/div><!-- .row (end) -->\n","protected":false},"excerpt":{"rendered":"<p>&nbsp; &nbsp;<\/p>\n","protected":false},"author":1,"featured_media":0,"parent":0,"menu_order":1,"comment_status":"closed","ping_status":"closed","template":"page-home.php","meta":{"footnotes":""},"yoast_head":"<!-- This site is optimized with the Yoast SEO plugin v20.13 - https:\/\/yoast.com\/wordpress\/plugins\/seo\/ -->\n<title>Home \u2014 \u00favodn\u00ed str\u00e1nka - Systegra<\/title>\n<meta name=\"robots\" content=\"index, follow, max-snippet:-1, max-image-preview:large, max-video-preview:-1\" \/>\n<link rel=\"canonical\" href=\"https:\/\/www.systegra.cz\/home\/\" \/>\n<meta property=\"og:locale\" content=\"cs_CZ\" \/>\n<meta property=\"og:type\" content=\"article\" \/>\n<meta property=\"og:title\" content=\"Home \u2014 \u00favodn\u00ed str\u00e1nka - Systegra\" \/>\n<meta property=\"og:description\" content=\"&nbsp; &nbsp;\" \/>\n<meta property=\"og:url\" content=\"https:\/\/www.systegra.cz\/home\/\" \/>\n<meta property=\"og:site_name\" content=\"Systegra\" \/>\n<meta property=\"article:modified_time\" content=\"2026-03-03T11:26:59+00:00\" \/>\n<meta property=\"og:image\" content=\"http:\/\/www.systegra.cz\/wp-content\/uploads\/2021\/10\/monitor-WEB.png\" \/>\n<meta name=\"twitter:label1\" content=\"Odhadovan\u00e1 doba \u010dten\u00ed\" \/>\n\t<meta name=\"twitter:data1\" content=\"4 minuty\" \/>\n<script type=\"application\/ld+json\" class=\"yoast-schema-graph\">{\"@context\":\"https:\/\/schema.org\",\"@graph\":[{\"@type\":\"WebPage\",\"@id\":\"https:\/\/www.systegra.cz\/home\/\",\"url\":\"https:\/\/www.systegra.cz\/home\/\",\"name\":\"Home \u2014 \u00favodn\u00ed str\u00e1nka - Systegra\",\"isPartOf\":{\"@id\":\"https:\/\/www.systegra.cz\/home\/#website\"},\"datePublished\":\"2022-08-18T11:42:15+00:00\",\"dateModified\":\"2026-03-03T11:26:59+00:00\",\"breadcrumb\":{\"@id\":\"https:\/\/www.systegra.cz\/home\/#breadcrumb\"},\"inLanguage\":\"cs\",\"potentialAction\":[{\"@type\":\"ReadAction\",\"target\":[\"https:\/\/www.systegra.cz\/home\/\"]}]},{\"@type\":\"BreadcrumbList\",\"@id\":\"https:\/\/www.systegra.cz\/home\/#breadcrumb\",\"itemListElement\":[{\"@type\":\"ListItem\",\"position\":1,\"name\":\"Dom\u016f\",\"item\":\"https:\/\/www.systegra.cz\/home\/\"},{\"@type\":\"ListItem\",\"position\":2,\"name\":\"Home \u2014 \u00favodn\u00ed str\u00e1nka\"}]},{\"@type\":\"WebSite\",\"@id\":\"https:\/\/www.systegra.cz\/home\/#website\",\"url\":\"https:\/\/www.systegra.cz\/home\/\",\"name\":\"Systegra\",\"description\":\"CRM system\",\"potentialAction\":[{\"@type\":\"SearchAction\",\"target\":{\"@type\":\"EntryPoint\",\"urlTemplate\":\"https:\/\/www.systegra.cz\/home\/?s={search_term_string}\"},\"query-input\":\"required name=search_term_string\"}],\"inLanguage\":\"cs\"}]}<\/script>\n<!-- \/ Yoast SEO plugin. -->","yoast_head_json":{"title":"Home \u2014 \u00favodn\u00ed str\u00e1nka - Systegra","robots":{"index":"index","follow":"follow","max-snippet":"max-snippet:-1","max-image-preview":"max-image-preview:large","max-video-preview":"max-video-preview:-1"},"canonical":"https:\/\/www.systegra.cz\/home\/","og_locale":"cs_CZ","og_type":"article","og_title":"Home \u2014 \u00favodn\u00ed str\u00e1nka - Systegra","og_description":"&nbsp; &nbsp;","og_url":"https:\/\/www.systegra.cz\/home\/","og_site_name":"Systegra","article_modified_time":"2026-03-03T11:26:59+00:00","og_image":[{"url":"http:\/\/www.systegra.cz\/wp-content\/uploads\/2021\/10\/monitor-WEB.png"}],"twitter_misc":{"Odhadovan\u00e1 doba \u010dten\u00ed":"4 minuty"},"schema":{"@context":"https:\/\/schema.org","@graph":[{"@type":"WebPage","@id":"https:\/\/www.systegra.cz\/home\/","url":"https:\/\/www.systegra.cz\/home\/","name":"Home \u2014 \u00favodn\u00ed str\u00e1nka - Systegra","isPartOf":{"@id":"https:\/\/www.systegra.cz\/home\/#website"},"datePublished":"2022-08-18T11:42:15+00:00","dateModified":"2026-03-03T11:26:59+00:00","breadcrumb":{"@id":"https:\/\/www.systegra.cz\/home\/#breadcrumb"},"inLanguage":"cs","potentialAction":[{"@type":"ReadAction","target":["https:\/\/www.systegra.cz\/home\/"]}]},{"@type":"BreadcrumbList","@id":"https:\/\/www.systegra.cz\/home\/#breadcrumb","itemListElement":[{"@type":"ListItem","position":1,"name":"Dom\u016f","item":"https:\/\/www.systegra.cz\/home\/"},{"@type":"ListItem","position":2,"name":"Home \u2014 \u00favodn\u00ed str\u00e1nka"}]},{"@type":"WebSite","@id":"https:\/\/www.systegra.cz\/home\/#website","url":"https:\/\/www.systegra.cz\/home\/","name":"Systegra","description":"CRM system","potentialAction":[{"@type":"SearchAction","target":{"@type":"EntryPoint","urlTemplate":"https:\/\/www.systegra.cz\/home\/?s={search_term_string}"},"query-input":"required name=search_term_string"}],"inLanguage":"cs"}]}},"_links":{"self":[{"href":"https:\/\/www.systegra.cz\/home\/wp-json\/wp\/v2\/pages\/2599"}],"collection":[{"href":"https:\/\/www.systegra.cz\/home\/wp-json\/wp\/v2\/pages"}],"about":[{"href":"https:\/\/www.systegra.cz\/home\/wp-json\/wp\/v2\/types\/page"}],"author":[{"embeddable":true,"href":"https:\/\/www.systegra.cz\/home\/wp-json\/wp\/v2\/users\/1"}],"replies":[{"embeddable":true,"href":"https:\/\/www.systegra.cz\/home\/wp-json\/wp\/v2\/comments?post=2599"}],"version-history":[{"count":26,"href":"https:\/\/www.systegra.cz\/home\/wp-json\/wp\/v2\/pages\/2599\/revisions"}],"predecessor-version":[{"id":2679,"href":"https:\/\/www.systegra.cz\/home\/wp-json\/wp\/v2\/pages\/2599\/revisions\/2679"}],"wp:attachment":[{"href":"https:\/\/www.systegra.cz\/home\/wp-json\/wp\/v2\/media?parent=2599"}],"curies":[{"name":"wp","href":"https:\/\/api.w.org\/{rel}","templated":true}]}}