{"id":2130,"date":"2014-10-31T10:12:19","date_gmt":"2014-10-31T09:12:19","guid":{"rendered":"http:\/\/www.systegra.cz\/?page_id=2130"},"modified":"2017-10-20T11:40:01","modified_gmt":"2017-10-20T10:40:01","slug":"kestazeni","status":"publish","type":"page","link":"https:\/\/www.systegra.cz\/home\/kestazeni\/","title":{"rendered":"Ke sta\u017een\u00ed"},"content":{"rendered":"<p>D\u011bkujeme za registraci.<\/p>\n<p>Na t\u011bchto str\u00e1nk\u00e1ch si m\u016f\u017eete st\u00e1hnout jednotliv\u00e9 verze programu\u00a0 Databox CONTACT.<\/p>\n<div class=\"row \"><div class=\"span4 \"><strong>Cloud CONTACT<\/strong> - nevy\u017eaduje instalaci, program se spou\u0161t\u00ed ze vzd\u00e1len\u00e9ho serveru.<\/p>\n<p>Zabezpe\u010den\u00ed va\u0161eho po\u010d\u00edta\u010de V\u00e1s upozorn\u00ed na soubor SetupContactCloud.exe, kter\u00fd vytvo\u0159\u00ed z\u00e1stupce na Va\u0161\u00ed plochu.<\/p>\n<p>- K\u00f3d produktu: demo6<br \/>\n- P\u0159ihla\u0161ovac\u00ed \u00fadaje:<br \/>\n- Jm\u00e9no: SYSCUST\\DEMO<br \/>\n- Heslo: Contact6<\/p>\n<a href=\"http:\/\/www.systegra.cz\/files\/ContactCloud\/SetupContactCloud.exe\" title=\"St\u00e1hnout\" class=\"btn btn-default btn-normal btn-inline \" target=\"_self\">St\u00e1hnout<\/a><!-- .btn -->\n<p style=\"text-align: left;\"><\/div><div class=\"span4 \"><strong>Databox CONTACT 6<\/strong>\u00a0-\u00a0instala\u010dn\u00ed program (ContactDEMO.exe - 35 MB).<\/p>\n<p style=\"text-align: left;\">Sou\u010d\u00e1st\u00ed tohoto instala\u010dn\u00edho souboru je\u00a0tak\u00e9 datab\u00e1zov\u00fd server Nexus DB, kter\u00fd se po spu\u0161t\u011bn\u00ed programu automaticky inicializuje v zobrazovac\u00ed \u010d\u00e1sti windows li\u0161ty.<\/p>\n<p style=\"text-align: left;\"><a href=\"http:\/\/www.systegra.cz\/files\/contact6\/ContactDEMO.exe\" title=\"St\u00e1hnout\" class=\"btn btn-default btn-normal btn-inline \" target=\"_self\">St\u00e1hnout<\/a><!-- .btn --><\/div><\/div> <!-- .row (end) -->\n<p>&nbsp;<\/p>\n","protected":false},"excerpt":{"rendered":"<p>D\u011bkujeme za registraci. Na t\u011bchto str\u00e1nk\u00e1ch si m\u016f\u017eete st\u00e1hnout jednotliv\u00e9 verze programu\u00a0 Databox CONTACT. &nbsp;<\/p>\n","protected":false},"author":1,"featured_media":0,"parent":0,"menu_order":0,"comment_status":"open","ping_status":"closed","template":"","meta":{"footnotes":""},"yoast_head":"<!-- This site is optimized with the Yoast SEO plugin v20.13 - https:\/\/yoast.com\/wordpress\/plugins\/seo\/ -->\n<title>CRM CONTACT Professional ke sta\u017een\u00ed<\/title>\n<meta name=\"description\" content=\"St\u00e1hn\u011bte si demoverzi programu CRM CONTACT Professional a dal\u0161\u00edch program\u016f firmy Systegra s.r.o.\" \/>\n<meta name=\"robots\" content=\"index, follow, max-snippet:-1, max-image-preview:large, max-video-preview:-1\" \/>\n<link rel=\"canonical\" href=\"https:\/\/www.systegra.cz\/home\/kestazeni\/\" \/>\n<meta property=\"og:locale\" content=\"cs_CZ\" \/>\n<meta property=\"og:type\" content=\"article\" \/>\n<meta property=\"og:title\" content=\"CRM CONTACT Professional ke sta\u017een\u00ed\" \/>\n<meta property=\"og:description\" content=\"St\u00e1hn\u011bte si demoverzi programu CRM CONTACT Professional a dal\u0161\u00edch program\u016f firmy Systegra s.r.o.\" \/>\n<meta property=\"og:url\" content=\"https:\/\/www.systegra.cz\/home\/kestazeni\/\" \/>\n<meta property=\"og:site_name\" content=\"Systegra\" \/>\n<meta property=\"article:modified_time\" content=\"2017-10-20T10:40:01+00:00\" \/>\n<meta name=\"twitter:label1\" content=\"Odhadovan\u00e1 doba \u010dten\u00ed\" \/>\n\t<meta name=\"twitter:data1\" content=\"1 minuta\" \/>\n<script type=\"application\/ld+json\" class=\"yoast-schema-graph\">{\"@context\":\"https:\/\/schema.org\",\"@graph\":[{\"@type\":\"WebPage\",\"@id\":\"https:\/\/www.systegra.cz\/home\/kestazeni\/\",\"url\":\"https:\/\/www.systegra.cz\/home\/kestazeni\/\",\"name\":\"CRM CONTACT Professional ke sta\u017een\u00ed\",\"isPartOf\":{\"@id\":\"https:\/\/www.systegra.cz\/home\/#website\"},\"datePublished\":\"2014-10-31T09:12:19+00:00\",\"dateModified\":\"2017-10-20T10:40:01+00:00\",\"description\":\"St\u00e1hn\u011bte si demoverzi programu CRM CONTACT Professional a dal\u0161\u00edch program\u016f firmy Systegra s.r.o.\",\"breadcrumb\":{\"@id\":\"https:\/\/www.systegra.cz\/home\/kestazeni\/#breadcrumb\"},\"inLanguage\":\"cs\",\"potentialAction\":[{\"@type\":\"ReadAction\",\"target\":[\"https:\/\/www.systegra.cz\/home\/kestazeni\/\"]}]},{\"@type\":\"BreadcrumbList\",\"@id\":\"https:\/\/www.systegra.cz\/home\/kestazeni\/#breadcrumb\",\"itemListElement\":[{\"@type\":\"ListItem\",\"position\":1,\"name\":\"Dom\u016f\",\"item\":\"https:\/\/www.systegra.cz\/home\/\"},{\"@type\":\"ListItem\",\"position\":2,\"name\":\"Ke sta\u017een\u00ed\"}]},{\"@type\":\"WebSite\",\"@id\":\"https:\/\/www.systegra.cz\/home\/#website\",\"url\":\"https:\/\/www.systegra.cz\/home\/\",\"name\":\"Systegra\",\"description\":\"CRM system\",\"potentialAction\":[{\"@type\":\"SearchAction\",\"target\":{\"@type\":\"EntryPoint\",\"urlTemplate\":\"https:\/\/www.systegra.cz\/home\/?s={search_term_string}\"},\"query-input\":\"required name=search_term_string\"}],\"inLanguage\":\"cs\"}]}<\/script>\n<!-- \/ Yoast SEO plugin. -->","yoast_head_json":{"title":"CRM CONTACT Professional ke sta\u017een\u00ed","description":"St\u00e1hn\u011bte si demoverzi programu CRM CONTACT Professional a dal\u0161\u00edch program\u016f firmy Systegra s.r.o.","robots":{"index":"index","follow":"follow","max-snippet":"max-snippet:-1","max-image-preview":"max-image-preview:large","max-video-preview":"max-video-preview:-1"},"canonical":"https:\/\/www.systegra.cz\/home\/kestazeni\/","og_locale":"cs_CZ","og_type":"article","og_title":"CRM CONTACT Professional ke sta\u017een\u00ed","og_description":"St\u00e1hn\u011bte si demoverzi programu CRM CONTACT Professional a dal\u0161\u00edch program\u016f firmy Systegra s.r.o.","og_url":"https:\/\/www.systegra.cz\/home\/kestazeni\/","og_site_name":"Systegra","article_modified_time":"2017-10-20T10:40:01+00:00","twitter_misc":{"Odhadovan\u00e1 doba \u010dten\u00ed":"1 minuta"},"schema":{"@context":"https:\/\/schema.org","@graph":[{"@type":"WebPage","@id":"https:\/\/www.systegra.cz\/home\/kestazeni\/","url":"https:\/\/www.systegra.cz\/home\/kestazeni\/","name":"CRM CONTACT Professional ke sta\u017een\u00ed","isPartOf":{"@id":"https:\/\/www.systegra.cz\/home\/#website"},"datePublished":"2014-10-31T09:12:19+00:00","dateModified":"2017-10-20T10:40:01+00:00","description":"St\u00e1hn\u011bte si demoverzi programu CRM CONTACT Professional a dal\u0161\u00edch program\u016f firmy Systegra s.r.o.","breadcrumb":{"@id":"https:\/\/www.systegra.cz\/home\/kestazeni\/#breadcrumb"},"inLanguage":"cs","potentialAction":[{"@type":"ReadAction","target":["https:\/\/www.systegra.cz\/home\/kestazeni\/"]}]},{"@type":"BreadcrumbList","@id":"https:\/\/www.systegra.cz\/home\/kestazeni\/#breadcrumb","itemListElement":[{"@type":"ListItem","position":1,"name":"Dom\u016f","item":"https:\/\/www.systegra.cz\/home\/"},{"@type":"ListItem","position":2,"name":"Ke sta\u017een\u00ed"}]},{"@type":"WebSite","@id":"https:\/\/www.systegra.cz\/home\/#website","url":"https:\/\/www.systegra.cz\/home\/","name":"Systegra","description":"CRM system","potentialAction":[{"@type":"SearchAction","target":{"@type":"EntryPoint","urlTemplate":"https:\/\/www.systegra.cz\/home\/?s={search_term_string}"},"query-input":"required name=search_term_string"}],"inLanguage":"cs"}]}},"_links":{"self":[{"href":"https:\/\/www.systegra.cz\/home\/wp-json\/wp\/v2\/pages\/2130"}],"collection":[{"href":"https:\/\/www.systegra.cz\/home\/wp-json\/wp\/v2\/pages"}],"about":[{"href":"https:\/\/www.systegra.cz\/home\/wp-json\/wp\/v2\/types\/page"}],"author":[{"embeddable":true,"href":"https:\/\/www.systegra.cz\/home\/wp-json\/wp\/v2\/users\/1"}],"replies":[{"embeddable":true,"href":"https:\/\/www.systegra.cz\/home\/wp-json\/wp\/v2\/comments?post=2130"}],"version-history":[{"count":12,"href":"https:\/\/www.systegra.cz\/home\/wp-json\/wp\/v2\/pages\/2130\/revisions"}],"predecessor-version":[{"id":2352,"href":"https:\/\/www.systegra.cz\/home\/wp-json\/wp\/v2\/pages\/2130\/revisions\/2352"}],"wp:attachment":[{"href":"https:\/\/www.systegra.cz\/home\/wp-json\/wp\/v2\/media?parent=2130"}],"curies":[{"name":"wp","href":"https:\/\/api.w.org\/{rel}","templated":true}]}}