{"id":1797,"date":"2011-07-14T19:45:29","date_gmt":"2011-07-14T19:45:29","guid":{"rendered":"http:\/\/www.systegra.cz\/about\/"},"modified":"2023-08-16T09:20:21","modified_gmt":"2023-08-16T08:20:21","slug":"about","status":"publish","type":"page","link":"https:\/\/www.systegra.cz\/home\/about\/","title":{"rendered":"O firm\u011b"},"content":{"rendered":"<p><span style=\"color: #68bb39;\">Na\u0161\u00edm c\u00edlem je vytvo\u0159it univerz\u00e1ln\u00ed datab\u00e1zov\u00fd syst\u00e9m, kter\u00fd se jednodu\u0161e p\u0159izp\u016fsob\u00ed Va\u0161emu zp\u016fsobu pr\u00e1ce s informacemi a zautomatizuje funguj\u00edc\u00ed procesy.<\/span><\/p>\n<p>Firma SYSTEGRA s.r.o. se zab\u00fdv\u00e1 v\u00fdvojem a prodejem software ur\u010den\u00e9ho pro podporu obchodu, marketingu a pro \u0159\u00edzen\u00ed vztah\u016f se z\u00e1kazn\u00edky (CRM). Za ta l\u00e9ta program pro\u0161el p\u0159irozen\u00fdm v\u00fdvojem a byl prov\u011b\u0159en v\u00edce ne\u017e 6000 u\u017eivateli.<\/p>\n<div class=\"darker-box\">\n<div class=\"row \"><div class=\"span12 \"><div class=\"title-box clearfix \"><h2 class=\"title-box_primary\">IT strategie pro v\u00e1\u0161 byznys<\/h2><\/div><!-- \/\/.title-box --><div class=\"row \"><div class=\"span9 \"><figure class=\"frame thumbnail alignleft clearfix\"><img decoding=\"async\" loading=\"lazy\" src=\"http:\/\/www.systegra.cz\/wp-content\/uploads\/2014\/09\/about-1.jpg\" alt=\"about-1\" width=\"294\" height=\"351\" \/><\/figure><span style=\"color: #68bb39;\">Poznejte luxus informa\u010dn\u00edho syst\u00e9mu, kter\u00fd je ur\u010den\u00fd p\u0159esn\u011b pro V\u00e1s. <\/span>V\u011bt\u0161ina\u00a0firem d\u00e1v\u00e1 st\u00e1le p\u0159ednost evidenci informac\u00ed ve form\u011b tabulkov\u00e9ho editoru jako je nap\u0159\u00edklad MS Excel.\u00a0P\u0159edev\u0161\u00edm d\u00edky jeho v\u0161estrannosti a relativn\u011b jednoduch\u00e9mu ovl\u00e1d\u00e1n\u00ed se stal z\u00e1kladn\u00edm pracovn\u00edm n\u00e1strojem v\u011bt\u0161iny u\u017eivatel\u016f PC. S ohledem na velk\u00e9 mno\u017estv\u00ed u\u017eite\u010dn\u00fdch funkc\u00ed, ani MS Excel nen\u00ed v\u0161emocn\u00fd a ur\u010dit\u011b existuj\u00ed hranice, kdy jeho vyu\u017eit\u00ed m\u016f\u017ee v\u00e9st ke komplikac\u00edm a sni\u017eov\u00e1n\u00ed pracovn\u00ed produktivity. Toto plat\u00ed p\u0159edev\u0161\u00edm pro shroma\u017e\u010fov\u00e1n\u00ed v\u011bt\u0161\u00edho objemu \u017eiv\u00fdch dat.<\/p>\n<ol>\n<li><a title=\"Mauris posuere\" href=\"http:\/\/www.systegra.cz\/portfolio-view\/contact-professional\/\">Jak\u00a0program vypad\u00e1 a funguje?<\/a><\/li>\n<li><a title=\"Etiam dictum egestas\" href=\"http:\/\/www.systegra.cz\/services\/\">Jak prob\u00edh\u00e1 implementace?<\/a><\/li>\n<\/ol><\/div><div class=\"span3 \"><div class=\"banner-wrap banner-about\"><h5>Rychl\u00e9 nasazen\u00ed:<\/h5><p>Sebelep\u0161\u00ed program je k ni\u010demu, kdy\u017e ho u\u017eivatel\u00e9 neum\u00ed nebo necht\u011bj\u00ed pou\u017e\u00edvat. V na\u0161em t\u00fdmu p\u016fsob\u00ed \u0159ada \u0161pi\u010dkov\u00fdch odborn\u00edk\u016f, kte\u0159\u00ed dohl\u00ed\u017e\u00ed na v\u00fdvoj a zaji\u0161\u0165uj\u00ed podporu. <\/p><div class=\"link-align banner-btn\"><a href=\"http:\/\/www.systegra.cz\/services\/\" title=\"&gt;&gt;\" class=\"btn btn-link\" target=\"_self\">&gt;&gt;<\/a><\/div><\/div><!-- .banner-wrap (end) --><div class=\"banner-wrap banner-about\"><h5>Partnersk\u00fd program<\/h5><p>M\u00e1me speci\u00e1ln\u00ed nab\u00eddku pro partnery, kte\u0159\u00ed s n\u00e1mi cht\u011bj\u00ed bl\u00ed\u017ee spolupracovat. <\/p><div class=\"link-align banner-btn\"><a href=\"http:\/\/www.systegra.cz\/portfolio\/\" title=\"&gt;&gt;\" class=\"btn btn-link\" target=\"_self\">&gt;&gt;<\/a><\/div><\/div><!-- .banner-wrap (end) --><\/div><\/div> <!-- .row (end) --><\/div><\/div><!-- .row (end) -->\n<\/div>\n<div class=\"row \"><div class=\"span12 \"><div class=\"title-box clearfix \"><h2 class=\"title-box_primary\">Novinky<\/h2><\/div><!-- \/\/.title-box --><ul class=\"posts-grid row-fluid unstyled news\"><li class=\"span4\"><figure class=\"featured-thumbnail thumbnail\"><a href=\"https:\/\/www.systegra.cz\/wp-content\/uploads\/2021\/07\/image.png\" title=\"Databox CONTACT Web  Doch\u00e1zka\" rel=\"prettyPhoto-1862668582[gallery0]\"><img  src=\"https:\/\/www.systegra.cz\/wp-content\/uploads\/2021\/07\/image-89x89.png\" alt=\"Databox CONTACT Web  Doch\u00e1zka\" \/><span class=\"zoom-icon\"><\/span><\/a><\/figure><figure class=\"featured-thumbnail thumbnail\" style=\"display:none;\"><a href=\"https:\/\/www.systegra.cz\/wp-content\/uploads\/2021\/07\/CONTACT-Web-dochazka.jpg\" title=\"Databox CONTACT Web  Doch\u00e1zka\" rel=\"prettyPhoto-1862668582[gallery0]\"><span class=\"zoom-icon\"><\/span><\/a><\/figure><figure class=\"featured-thumbnail thumbnail\" style=\"display:none;\"><a href=\"https:\/\/www.systegra.cz\/wp-content\/uploads\/2021\/07\/CONTACT-Web-dochazka-1.jpg\" title=\"Databox CONTACT Web  Doch\u00e1zka\" rel=\"prettyPhoto-1862668582[gallery0]\"><span class=\"zoom-icon\"><\/span><\/a><\/figure><figure class=\"featured-thumbnail thumbnail\" style=\"display:none;\"><a href=\"https:\/\/www.systegra.cz\/wp-content\/uploads\/2021\/07\/CONTACT-Web-dochazka-2.jpg\" title=\"Databox CONTACT Web  Doch\u00e1zka\" rel=\"prettyPhoto-1862668582[gallery0]\"><span class=\"zoom-icon\"><\/span><\/a><\/figure><div class=\"clear\"><\/div><div class=\"desc\"><h5><a href=\"https:\/\/www.systegra.cz\/home\/databox-contact-6\/databox-contact-web-dochazka\/\" title=\"Databox CONTACT Web  Doch\u00e1zka\">Databox CONTACT Web  Doch\u00e1zka<\/a><\/h5><div class=\"post_meta\"><span class=\"post_category\"><em>Posted in <\/em><a href=\"https:\/\/www.systegra.cz\/home\/category\/databox-contact-6\/\" title=\"Databox CONTACT 6\">Databox CONTACT 6<\/a> <\/span><span class=\"post_date\"><time datetime=\"2021-07-12T12:54:39\">12.7.2021<\/time><\/span><span class=\"post_author\"><em> by <\/em><a href=\"https:\/\/www.systegra.cz\/home\/author\/admin\/\">admin<\/a><\/span><span class=\"post_comment\"><a href=\"https:\/\/www.systegra.cz\/home\/databox-contact-6\/databox-contact-web-dochazka\/\" class=\"comments_link\">0 Comments<\/a><\/span><\/div><p class=\"excerpt\">Prohl\u00e9dn\u011bte si prezentaci na\u0161eho \u0159e\u0161en\u00ed v PDF -\u00a0otev\u0159\u00edt P\u0159edstavujeme novou webovou online aplikaci s denn\u00ed doch\u00e1zkou po jednotliv\u00fdch m\u011bs\u00edc\u00edch. Vyzkou\u0161ejte na\u0161e DEMO - CONTACT Web... <\/p><a href=\"https:\/\/www.systegra.cz\/home\/databox-contact-6\/databox-contact-web-dochazka\/\" class=\"btn btn-primary\" title=\"Databox CONTACT Web  Doch\u00e1zka\">Read More<\/a><\/div><\/li><li class=\"span4\"><figure class=\"featured-thumbnail thumbnail\"><a href=\"https:\/\/www.systegra.cz\/wp-content\/uploads\/2021\/06\/Zatrideni.png\" title=\"Zat\u0159\u00edd\u011bn\u00ed\" rel=\"prettyPhoto-1862668582[gallery1]\"><img  src=\"https:\/\/www.systegra.cz\/wp-content\/uploads\/2021\/06\/Zatrideni-89x89.png\" alt=\"Zat\u0159\u00edd\u011bn\u00ed\" \/><span class=\"zoom-icon\"><\/span><\/a><\/figure><div class=\"clear\"><\/div><div class=\"desc\"><h5><a href=\"https:\/\/www.systegra.cz\/home\/databox-contact-6\/zatrideni\/\" title=\"Zat\u0159\u00edd\u011bn\u00ed\">Zat\u0159\u00edd\u011bn\u00ed<\/a><\/h5><div class=\"post_meta\"><span class=\"post_category\"><em>Posted in <\/em><a href=\"https:\/\/www.systegra.cz\/home\/category\/databox-contact-6\/\" title=\"Databox CONTACT 6\">Databox CONTACT 6<\/a> <\/span><span class=\"post_date\"><time datetime=\"2021-06-11T10:00:05\">11.6.2021<\/time><\/span><span class=\"post_author\"><em> by <\/em><a href=\"https:\/\/www.systegra.cz\/home\/author\/admin\/\">admin<\/a><\/span><span class=\"post_comment\"><a href=\"https:\/\/www.systegra.cz\/home\/databox-contact-6\/zatrideni\/\" class=\"comments_link\">0 Comments<\/a><\/span><\/div><p class=\"excerpt\">Nov\u00e1 agenda pro t\u0159\u00edd\u011bn\u00ed kontakt\u016f je roz\u0161\u00ed\u0159en\u00edm a zp\u0159ehledn\u011bn\u00edm p\u016fvodn\u00edho stromu zat\u0159\u00edd\u011bn\u00ed. Nov\u011b umo\u017e\u0148uje t\u0159\u00eddit e-mailov\u00e9 adresy a soust\u0159ed\u00ed v\u0161echny mo\u017en\u00e9 operace v\u00a0jednom prost\u0159ed\u00ed. nov\u011b... <\/p><a href=\"https:\/\/www.systegra.cz\/home\/databox-contact-6\/zatrideni\/\" class=\"btn btn-primary\" title=\"Zat\u0159\u00edd\u011bn\u00ed\">Read More<\/a><\/div><\/li><li class=\"span4\"><figure class=\"featured-thumbnail thumbnail\"><a href=\"https:\/\/www.systegra.cz\/wp-content\/uploads\/2020\/08\/2020-07-14-1.png\" title=\"Profil pro projek\u010dn\u00ed a in\u017een\u00fdrsk\u00e9 kancel\u00e1\u0159e\" rel=\"prettyPhoto-1862668582[gallery2]\"><img  src=\"https:\/\/www.systegra.cz\/wp-content\/uploads\/2020\/08\/2020-07-14-1-89x89.png\" alt=\"Profil pro projek\u010dn\u00ed a in\u017een\u00fdrsk\u00e9 kancel\u00e1\u0159e\" \/><span class=\"zoom-icon\"><\/span><\/a><\/figure><div class=\"clear\"><\/div><div class=\"desc\"><h5><a href=\"https:\/\/www.systegra.cz\/home\/databox-contact-6\/profil-pro-projekcni-a-inzenyrske-kancelare\/\" title=\"Profil pro projek\u010dn\u00ed a in\u017een\u00fdrsk\u00e9 kancel\u00e1\u0159e\">Profil pro projek\u010dn\u00ed a in\u017een\u00fdrsk\u00e9 kancel\u00e1\u0159e<\/a><\/h5><div class=\"post_meta\"><span class=\"post_category\"><em>Posted in <\/em><a href=\"https:\/\/www.systegra.cz\/home\/category\/databox-contact-6\/\" title=\"Databox CONTACT 6\">Databox CONTACT 6<\/a> <\/span><span class=\"post_date\"><time datetime=\"2020-08-05T14:49:47\">5.8.2020<\/time><\/span><span class=\"post_author\"><em> by <\/em><a href=\"https:\/\/www.systegra.cz\/home\/author\/admin\/\">admin<\/a><\/span><span class=\"post_comment\"><a href=\"https:\/\/www.systegra.cz\/home\/databox-contact-6\/profil-pro-projekcni-a-inzenyrske-kancelare\/\" class=\"comments_link\">0 Comments<\/a><\/span><\/div><p class=\"excerpt\">Profil pro projek\u010dn\u00ed a in\u017een\u00fdrsk\u00e9 kancel\u00e1\u0159e Jsme si v\u011bdomi, \u017ee nejpou\u017e\u00edvan\u011bj\u0161\u00edm z\u00e1kladn\u00edm, nikoliv datab\u00e1zov\u00fdm, n\u00e1strojem pro evidenci zak\u00e1zek je MS Excel. Inspirovali jsem se jednoduchost\u00ed... <\/p><a href=\"https:\/\/www.systegra.cz\/home\/databox-contact-6\/profil-pro-projekcni-a-inzenyrske-kancelare\/\" class=\"btn btn-primary\" title=\"Profil pro projek\u010dn\u00ed a in\u017een\u00fdrsk\u00e9 kancel\u00e1\u0159e\">Read More<\/a><\/div><\/li><\/ul><!-- .posts-grid (end) --><\/div><\/div><!-- .row (end) -->\n","protected":false},"excerpt":{"rendered":"<p>Na\u0161\u00edm c\u00edlem je vytvo\u0159it univerz\u00e1ln\u00ed datab\u00e1zov\u00fd syst\u00e9m, kter\u00fd se jednodu\u0161e p\u0159izp\u016fsob\u00ed Va\u0161emu zp\u016fsobu pr\u00e1ce s informacemi a zautomatizuje funguj\u00edc\u00ed procesy. Firma SYSTEGRA s.r.o. se zab\u00fdv\u00e1 v\u00fdvojem a prodejem software ur\u010den\u00e9ho pro podporu obchodu, marketingu a pro \u0159\u00edzen\u00ed vztah\u016f se z\u00e1kazn\u00edky (CRM). Za ta l\u00e9ta program pro\u0161el p\u0159irozen\u00fdm v\u00fdvojem a byl prov\u011b\u0159en v\u00edce ne\u017e 6000 u\u017eivateli.<\/p>\n","protected":false},"author":1,"featured_media":0,"parent":0,"menu_order":1,"comment_status":"open","ping_status":"open","template":"page-fullwidth.php","meta":{"footnotes":""},"yoast_head":"<!-- This site is optimized with the Yoast SEO plugin v20.13 - https:\/\/yoast.com\/wordpress\/plugins\/seo\/ -->\n<title>Vize a p\u0159\u00edstup na\u0161eho t\u00fdmu Systegra<\/title>\n<meta name=\"description\" content=\"Firma SYSTEGRA s.r.o. se zab\u00fdv\u00e1 v\u00fdvojem a prodejem software ur\u010den\u00e9ho pro podporu obchodu, marketingu a pro \u0159\u00edzen\u00ed vztah\u016f se z\u00e1kazn\u00edky (CRM).\" \/>\n<meta name=\"robots\" content=\"index, follow, max-snippet:-1, max-image-preview:large, max-video-preview:-1\" \/>\n<link rel=\"canonical\" href=\"https:\/\/www.systegra.cz\/home\/about\/\" \/>\n<meta property=\"og:locale\" content=\"cs_CZ\" \/>\n<meta property=\"og:type\" content=\"article\" \/>\n<meta property=\"og:title\" content=\"Vize a p\u0159\u00edstup na\u0161eho t\u00fdmu Systegra\" \/>\n<meta property=\"og:description\" content=\"Firma SYSTEGRA s.r.o. se zab\u00fdv\u00e1 v\u00fdvojem a prodejem software ur\u010den\u00e9ho pro podporu obchodu, marketingu a pro \u0159\u00edzen\u00ed vztah\u016f se z\u00e1kazn\u00edky (CRM).\" \/>\n<meta property=\"og:url\" content=\"https:\/\/www.systegra.cz\/home\/about\/\" \/>\n<meta property=\"og:site_name\" content=\"Systegra\" \/>\n<meta property=\"article:modified_time\" content=\"2023-08-16T08:20:21+00:00\" \/>\n<meta property=\"og:image\" content=\"http:\/\/www.systegra.cz\/wp-content\/uploads\/2014\/09\/about-1.jpg\" \/>\n<meta name=\"twitter:label1\" content=\"Odhadovan\u00e1 doba \u010dten\u00ed\" \/>\n\t<meta name=\"twitter:data1\" content=\"2 minuty\" \/>\n<script type=\"application\/ld+json\" class=\"yoast-schema-graph\">{\"@context\":\"https:\/\/schema.org\",\"@graph\":[{\"@type\":\"WebPage\",\"@id\":\"https:\/\/www.systegra.cz\/home\/about\/\",\"url\":\"https:\/\/www.systegra.cz\/home\/about\/\",\"name\":\"Vize a p\u0159\u00edstup na\u0161eho t\u00fdmu Systegra\",\"isPartOf\":{\"@id\":\"https:\/\/www.systegra.cz\/home\/#website\"},\"datePublished\":\"2011-07-14T19:45:29+00:00\",\"dateModified\":\"2023-08-16T08:20:21+00:00\",\"description\":\"Firma SYSTEGRA s.r.o. se zab\u00fdv\u00e1 v\u00fdvojem a prodejem software ur\u010den\u00e9ho pro podporu obchodu, marketingu a pro \u0159\u00edzen\u00ed vztah\u016f se z\u00e1kazn\u00edky (CRM).\",\"breadcrumb\":{\"@id\":\"https:\/\/www.systegra.cz\/home\/about\/#breadcrumb\"},\"inLanguage\":\"cs\",\"potentialAction\":[{\"@type\":\"ReadAction\",\"target\":[\"https:\/\/www.systegra.cz\/home\/about\/\"]}]},{\"@type\":\"BreadcrumbList\",\"@id\":\"https:\/\/www.systegra.cz\/home\/about\/#breadcrumb\",\"itemListElement\":[{\"@type\":\"ListItem\",\"position\":1,\"name\":\"Dom\u016f\",\"item\":\"https:\/\/www.systegra.cz\/home\/\"},{\"@type\":\"ListItem\",\"position\":2,\"name\":\"O firm\u011b\"}]},{\"@type\":\"WebSite\",\"@id\":\"https:\/\/www.systegra.cz\/home\/#website\",\"url\":\"https:\/\/www.systegra.cz\/home\/\",\"name\":\"Systegra\",\"description\":\"CRM system\",\"potentialAction\":[{\"@type\":\"SearchAction\",\"target\":{\"@type\":\"EntryPoint\",\"urlTemplate\":\"https:\/\/www.systegra.cz\/home\/?s={search_term_string}\"},\"query-input\":\"required name=search_term_string\"}],\"inLanguage\":\"cs\"}]}<\/script>\n<!-- \/ Yoast SEO plugin. -->","yoast_head_json":{"title":"Vize a p\u0159\u00edstup na\u0161eho t\u00fdmu Systegra","description":"Firma SYSTEGRA s.r.o. se zab\u00fdv\u00e1 v\u00fdvojem a prodejem software ur\u010den\u00e9ho pro podporu obchodu, marketingu a pro \u0159\u00edzen\u00ed vztah\u016f se z\u00e1kazn\u00edky (CRM).","robots":{"index":"index","follow":"follow","max-snippet":"max-snippet:-1","max-image-preview":"max-image-preview:large","max-video-preview":"max-video-preview:-1"},"canonical":"https:\/\/www.systegra.cz\/home\/about\/","og_locale":"cs_CZ","og_type":"article","og_title":"Vize a p\u0159\u00edstup na\u0161eho t\u00fdmu Systegra","og_description":"Firma SYSTEGRA s.r.o. se zab\u00fdv\u00e1 v\u00fdvojem a prodejem software ur\u010den\u00e9ho pro podporu obchodu, marketingu a pro \u0159\u00edzen\u00ed vztah\u016f se z\u00e1kazn\u00edky (CRM).","og_url":"https:\/\/www.systegra.cz\/home\/about\/","og_site_name":"Systegra","article_modified_time":"2023-08-16T08:20:21+00:00","og_image":[{"url":"http:\/\/www.systegra.cz\/wp-content\/uploads\/2014\/09\/about-1.jpg"}],"twitter_misc":{"Odhadovan\u00e1 doba \u010dten\u00ed":"2 minuty"},"schema":{"@context":"https:\/\/schema.org","@graph":[{"@type":"WebPage","@id":"https:\/\/www.systegra.cz\/home\/about\/","url":"https:\/\/www.systegra.cz\/home\/about\/","name":"Vize a p\u0159\u00edstup na\u0161eho t\u00fdmu Systegra","isPartOf":{"@id":"https:\/\/www.systegra.cz\/home\/#website"},"datePublished":"2011-07-14T19:45:29+00:00","dateModified":"2023-08-16T08:20:21+00:00","description":"Firma SYSTEGRA s.r.o. se zab\u00fdv\u00e1 v\u00fdvojem a prodejem software ur\u010den\u00e9ho pro podporu obchodu, marketingu a pro \u0159\u00edzen\u00ed vztah\u016f se z\u00e1kazn\u00edky (CRM).","breadcrumb":{"@id":"https:\/\/www.systegra.cz\/home\/about\/#breadcrumb"},"inLanguage":"cs","potentialAction":[{"@type":"ReadAction","target":["https:\/\/www.systegra.cz\/home\/about\/"]}]},{"@type":"BreadcrumbList","@id":"https:\/\/www.systegra.cz\/home\/about\/#breadcrumb","itemListElement":[{"@type":"ListItem","position":1,"name":"Dom\u016f","item":"https:\/\/www.systegra.cz\/home\/"},{"@type":"ListItem","position":2,"name":"O firm\u011b"}]},{"@type":"WebSite","@id":"https:\/\/www.systegra.cz\/home\/#website","url":"https:\/\/www.systegra.cz\/home\/","name":"Systegra","description":"CRM system","potentialAction":[{"@type":"SearchAction","target":{"@type":"EntryPoint","urlTemplate":"https:\/\/www.systegra.cz\/home\/?s={search_term_string}"},"query-input":"required name=search_term_string"}],"inLanguage":"cs"}]}},"_links":{"self":[{"href":"https:\/\/www.systegra.cz\/home\/wp-json\/wp\/v2\/pages\/1797"}],"collection":[{"href":"https:\/\/www.systegra.cz\/home\/wp-json\/wp\/v2\/pages"}],"about":[{"href":"https:\/\/www.systegra.cz\/home\/wp-json\/wp\/v2\/types\/page"}],"author":[{"embeddable":true,"href":"https:\/\/www.systegra.cz\/home\/wp-json\/wp\/v2\/users\/1"}],"replies":[{"embeddable":true,"href":"https:\/\/www.systegra.cz\/home\/wp-json\/wp\/v2\/comments?post=1797"}],"version-history":[{"count":15,"href":"https:\/\/www.systegra.cz\/home\/wp-json\/wp\/v2\/pages\/1797\/revisions"}],"predecessor-version":[{"id":2670,"href":"https:\/\/www.systegra.cz\/home\/wp-json\/wp\/v2\/pages\/1797\/revisions\/2670"}],"wp:attachment":[{"href":"https:\/\/www.systegra.cz\/home\/wp-json\/wp\/v2\/media?parent=1797"}],"curies":[{"name":"wp","href":"https:\/\/api.w.org\/{rel}","templated":true}]}}