{"id":14,"date":"2011-07-14T19:47:05","date_gmt":"2011-07-14T18:47:05","guid":{"rendered":"http:\/\/www.systegra.cz\/contacts\/"},"modified":"2026-03-11T10:51:34","modified_gmt":"2026-03-11T09:51:34","slug":"contacts","status":"publish","type":"page","link":"https:\/\/www.systegra.cz\/home\/contacts\/","title":{"rendered":"Kontakty"},"content":{"rendered":"<div class=\"row \"><\/div><!-- .row (end) -->\n<div class=\"span12 \"><div class=\"google-map\"><iframe src=\"https:\/\/www.google.com\/maps\/embed?pb=!1m18!1m12!1m3!1d2523.7326134958103!2d15.050560803691845!3d50.761991473099556!2m3!1f0!2f0!3f0!3m2!1i1024!2i768!4f13.1!3m3!1m2!1s0x47093699613381d1%3A0xce0cb9513c8a87a6!2sSYSTEGRA%20s.r.o.!5e0!3m2!1scs!2scz!4v1773222220202!5m2!1scs!2scz\" frameborder=\"0\" width=\"100%\" height=\"300\" marginwidth=\"0\" marginheight=\"0\" scrolling=\"no\"><\/iframe><\/div><\/div>\n<div class=\"span4 \"><h2>Kontaktn\u00ed \u00fadaje<\/h2>\n<h5>Zavolejte nebo napi\u0161te, budeme se V\u00e1m r\u00e1di v\u011bnovat. Pro komunikaci s n\u00e1mi vyu\u017eijte tato spojen\u00ed.<\/h5>\n<h5>Servis a slu\u017eby: Dotazy technick\u00e9ho typu ohledn\u011b instalace program\u016f, mo\u017enostech nastaven\u00ed, v\u00fdznamu jednotliv\u00fdch funkc\u00ed apod.<\/h5>\n<p>Technick\u00e1 podpora: +420 773 458 058<br \/>\nE-mail:\u00a0<a href=\"mailto:hotline@systegra.cz\">hotline@systegra.cz<\/a><br \/>\n<address>\n<strong>SYSTEGRA s.r.o.<\/strong><br \/>\n<b>Mr\u0161t\u00edkova 399\/2a<br \/>\nLiberec-Je\u0159\u00e1b, 460 07<\/b><\/p>\n<p>Obchod: +420 776 298 799<br \/>\nHotline: +420 773 458 058<br \/>\nE-mail:\u00a0<a href=\"mailto:systegra@systegra.cz\">systegra@systegra.cz<\/a><\/p>\n<p>I\u010cO: 273 37 481<br \/>\n<\/address><!-- address (end) --><\/div>\n<div class=\"span8 \"><\/div>\n","protected":false},"excerpt":{"rendered":"","protected":false},"author":1,"featured_media":0,"parent":0,"menu_order":6,"comment_status":"open","ping_status":"closed","template":"page-fullwidth.php","meta":{"footnotes":""},"yoast_head":"<!-- This site is optimized with the Yoast SEO plugin v20.13 - https:\/\/yoast.com\/wordpress\/plugins\/seo\/ -->\n<title>Kontakty - Systegra<\/title>\n<meta name=\"robots\" content=\"index, follow, max-snippet:-1, max-image-preview:large, max-video-preview:-1\" \/>\n<link rel=\"canonical\" href=\"https:\/\/www.systegra.cz\/home\/contacts\/\" \/>\n<meta property=\"og:locale\" content=\"cs_CZ\" \/>\n<meta property=\"og:type\" content=\"article\" \/>\n<meta property=\"og:title\" content=\"Kontakty - Systegra\" \/>\n<meta property=\"og:url\" content=\"https:\/\/www.systegra.cz\/home\/contacts\/\" \/>\n<meta property=\"og:site_name\" content=\"Systegra\" \/>\n<meta property=\"article:modified_time\" content=\"2026-03-11T09:51:34+00:00\" \/>\n<meta name=\"twitter:label1\" content=\"Odhadovan\u00e1 doba \u010dten\u00ed\" \/>\n\t<meta name=\"twitter:data1\" content=\"1 minuta\" \/>\n<script type=\"application\/ld+json\" class=\"yoast-schema-graph\">{\"@context\":\"https:\/\/schema.org\",\"@graph\":[{\"@type\":\"WebPage\",\"@id\":\"https:\/\/www.systegra.cz\/home\/contacts\/\",\"url\":\"https:\/\/www.systegra.cz\/home\/contacts\/\",\"name\":\"Kontakty - Systegra\",\"isPartOf\":{\"@id\":\"https:\/\/www.systegra.cz\/home\/#website\"},\"datePublished\":\"2011-07-14T18:47:05+00:00\",\"dateModified\":\"2026-03-11T09:51:34+00:00\",\"breadcrumb\":{\"@id\":\"https:\/\/www.systegra.cz\/home\/contacts\/#breadcrumb\"},\"inLanguage\":\"cs\",\"potentialAction\":[{\"@type\":\"ReadAction\",\"target\":[\"https:\/\/www.systegra.cz\/home\/contacts\/\"]}]},{\"@type\":\"BreadcrumbList\",\"@id\":\"https:\/\/www.systegra.cz\/home\/contacts\/#breadcrumb\",\"itemListElement\":[{\"@type\":\"ListItem\",\"position\":1,\"name\":\"Dom\u016f\",\"item\":\"https:\/\/www.systegra.cz\/home\/\"},{\"@type\":\"ListItem\",\"position\":2,\"name\":\"Kontakty\"}]},{\"@type\":\"WebSite\",\"@id\":\"https:\/\/www.systegra.cz\/home\/#website\",\"url\":\"https:\/\/www.systegra.cz\/home\/\",\"name\":\"Systegra\",\"description\":\"CRM system\",\"potentialAction\":[{\"@type\":\"SearchAction\",\"target\":{\"@type\":\"EntryPoint\",\"urlTemplate\":\"https:\/\/www.systegra.cz\/home\/?s={search_term_string}\"},\"query-input\":\"required name=search_term_string\"}],\"inLanguage\":\"cs\"}]}<\/script>\n<!-- \/ Yoast SEO plugin. -->","yoast_head_json":{"title":"Kontakty - Systegra","robots":{"index":"index","follow":"follow","max-snippet":"max-snippet:-1","max-image-preview":"max-image-preview:large","max-video-preview":"max-video-preview:-1"},"canonical":"https:\/\/www.systegra.cz\/home\/contacts\/","og_locale":"cs_CZ","og_type":"article","og_title":"Kontakty - Systegra","og_url":"https:\/\/www.systegra.cz\/home\/contacts\/","og_site_name":"Systegra","article_modified_time":"2026-03-11T09:51:34+00:00","twitter_misc":{"Odhadovan\u00e1 doba \u010dten\u00ed":"1 minuta"},"schema":{"@context":"https:\/\/schema.org","@graph":[{"@type":"WebPage","@id":"https:\/\/www.systegra.cz\/home\/contacts\/","url":"https:\/\/www.systegra.cz\/home\/contacts\/","name":"Kontakty - Systegra","isPartOf":{"@id":"https:\/\/www.systegra.cz\/home\/#website"},"datePublished":"2011-07-14T18:47:05+00:00","dateModified":"2026-03-11T09:51:34+00:00","breadcrumb":{"@id":"https:\/\/www.systegra.cz\/home\/contacts\/#breadcrumb"},"inLanguage":"cs","potentialAction":[{"@type":"ReadAction","target":["https:\/\/www.systegra.cz\/home\/contacts\/"]}]},{"@type":"BreadcrumbList","@id":"https:\/\/www.systegra.cz\/home\/contacts\/#breadcrumb","itemListElement":[{"@type":"ListItem","position":1,"name":"Dom\u016f","item":"https:\/\/www.systegra.cz\/home\/"},{"@type":"ListItem","position":2,"name":"Kontakty"}]},{"@type":"WebSite","@id":"https:\/\/www.systegra.cz\/home\/#website","url":"https:\/\/www.systegra.cz\/home\/","name":"Systegra","description":"CRM system","potentialAction":[{"@type":"SearchAction","target":{"@type":"EntryPoint","urlTemplate":"https:\/\/www.systegra.cz\/home\/?s={search_term_string}"},"query-input":"required name=search_term_string"}],"inLanguage":"cs"}]}},"_links":{"self":[{"href":"https:\/\/www.systegra.cz\/home\/wp-json\/wp\/v2\/pages\/14"}],"collection":[{"href":"https:\/\/www.systegra.cz\/home\/wp-json\/wp\/v2\/pages"}],"about":[{"href":"https:\/\/www.systegra.cz\/home\/wp-json\/wp\/v2\/types\/page"}],"author":[{"embeddable":true,"href":"https:\/\/www.systegra.cz\/home\/wp-json\/wp\/v2\/users\/1"}],"replies":[{"embeddable":true,"href":"https:\/\/www.systegra.cz\/home\/wp-json\/wp\/v2\/comments?post=14"}],"version-history":[{"count":23,"href":"https:\/\/www.systegra.cz\/home\/wp-json\/wp\/v2\/pages\/14\/revisions"}],"predecessor-version":[{"id":2682,"href":"https:\/\/www.systegra.cz\/home\/wp-json\/wp\/v2\/pages\/14\/revisions\/2682"}],"wp:attachment":[{"href":"https:\/\/www.systegra.cz\/home\/wp-json\/wp\/v2\/media?parent=14"}],"curies":[{"name":"wp","href":"https:\/\/api.w.org\/{rel}","templated":true}]}}